{"id":42,"date":"2023-07-14T10:14:17","date_gmt":"2023-07-14T10:14:17","guid":{"rendered":"http:\/\/localhost:8888\/?page_id=42"},"modified":"2023-11-03T13:42:07","modified_gmt":"2023-11-03T13:42:07","slug":"terms-conditions","status":"publish","type":"page","link":"https:\/\/ecashcloud.com\/de\/terms-conditions\/","title":{"rendered":"Terms and Conditions"},"content":{"rendered":"\t\t<div data-elementor-type=\"wp-page\" data-elementor-id=\"42\" class=\"elementor elementor-42\" data-elementor-post-type=\"page\">\n\t\t\t\t\t\t\t<div class=\"elementor-element elementor-element-fb0b61 e-flex e-con-boxed e-con e-parent\" data-id=\"fb0b61\" data-element_type=\"container\" data-settings=\"{&quot;container_type&quot;:&quot;flex&quot;,&quot;content_width&quot;:&quot;boxed&quot;}\" data-core-v316-plus=\"true\">\n\t\t\t\t\t<div class=\"e-con-inner\">\n\t\t\t\t<div class=\"elementor-element elementor-element-7768965b elementor-widget elementor-widget-text-editor\" data-id=\"7768965b\" data-element_type=\"widget\" data-widget_type=\"text-editor.default\">\n\t\t\t\t<div class=\"elementor-widget-container\">\n\t\t\t<style>\/*! elementor - v3.17.0 - 25-10-2023 *\/\n.elementor-widget-text-editor.elementor-drop-cap-view-stacked .elementor-drop-cap{background-color:#69727d;color:#fff}.elementor-widget-text-editor.elementor-drop-cap-view-framed .elementor-drop-cap{color:#69727d;border:3px solid;background-color:transparent}.elementor-widget-text-editor:not(.elementor-drop-cap-view-default) .elementor-drop-cap{margin-top:8px}.elementor-widget-text-editor:not(.elementor-drop-cap-view-default) .elementor-drop-cap-letter{width:1em;height:1em}.elementor-widget-text-editor .elementor-drop-cap{float:left;text-align:center;line-height:1;font-size:50px}.elementor-widget-text-editor .elementor-drop-cap-letter{display:inline-block}<\/style>\t\t\t\t<!-- wp:html -->\n<section class=\"terms-conditions\">\n<div class=\"container\">\n<div class=\"row\">\n<div class=\"col-lg-12 col-md-10 col-sm-12\">\n<div class=\"terms-conditions-content pb-4\">\n<h1><strong>Gesch\u00e4ftsbedingungen<\/strong><\/h1>\n<p>Diese Allgemeinen Gesch\u00e4ftsbedingungen regeln Ihre Nutzung dieser Website; Durch die Nutzung dieser Website <br \/>akzeptieren Sie diese Allgemeinen Gesch\u00e4ftsbedingungen vollst\u00e4ndig. Wenn Sie mit diesen Allgemeinen Gesch\u00e4ftsbedingungen oder einem Teil dieser Allgemeinen Gesch\u00e4ftsbedingungen nicht einverstanden sind, d\u00fcrfen Sie diese Website nicht nutzen.<\/p>\n<p>Diese Website verwendet Cookies. Durch die Nutzung dieser Website und die Zustimmung zu diesen Allgemeinen Gesch\u00e4ftsbedingungen <br \/>stimmen Sie der Verwendung von Cookies durch Ecash Software BV gem\u00e4\u00df den Bedingungen von Ecash Software BV [Datenschutzrichtlinie \/ Cookie-Richtlinie] zu.<\/p>\n<h3><strong>Lizenz zur Nutzung der Website<\/strong><\/h3>\n<p>Sofern nicht anders angegeben, besitzen Ecash Software BV und\/oder ihre Lizenzgeber die geistigen Eigentumsrechte an der <br \/>Website und dem Material auf der Website. Vorbehaltlich der nachstehenden Lizenz sind alle diese geistigen Eigentumsrechte vorbehalten. Sie d\u00fcrfen Seiten [oder [ANDERE INHALTE]] der Website nur zu Caching-Zwecken ansehen, herunterladen und f\u00fcr Ihren eigenen pers\u00f6nlichen Gebrauch ausdrucken, vorbehaltlich der unten und an anderer Stelle in diesen Gesch\u00e4ftsbedingungen dargelegten Einschr\u00e4nkungen.<\/p>\n<p>Sie d\u00fcrfen nicht :<\/p>\n<ul>\n<li>Material von dieser Website erneut ver\u00f6ffentlichen (einschlie\u00dflich der erneuten Ver\u00f6ffentlichung auf einer anderen Website);<\/li>\n<li>Material von der Website verkaufen, vermieten oder unterlizenzieren;<\/li>\n<li>jegliches Material der Website \u00f6ffentlich zeigen;<\/li>\n<li>Material auf dieser Website zu kommerziellen Zwecken zu reproduzieren, zu vervielf\u00e4ltigen, zu kopieren oder anderweitig zu nutzen <br \/>;<\/li>\n<li>jegliches Material auf der Website bearbeiten oder anderweitig modifizieren; oder<\/li>\n<li>Material von dieser Website weiterverbreiten [mit Ausnahme von Inhalten, die ausdr\u00fccklich und ausdr\u00fccklich <br \/>zur Weiterverbreitung bereitgestellt werden.<\/li>\n<\/ul>\n<p>Wenn Inhalte ausdr\u00fccklich zur Weiterverbreitung bereitgestellt werden, d\u00fcrfen sie nur <br \/>innerhalb Ihrer Organisation weitergegeben werden.<\/p>\n<h3><strong>Akzeptable Verwendung<\/strong><\/h3>\n<p>Sie d\u00fcrfen diese Website nicht in einer Weise nutzen, die zu Sch\u00e4den an der Website oder einer <br \/>Beeintr\u00e4chtigung der Verf\u00fcgbarkeit oder Zug\u00e4nglichkeit der Website f\u00fchrt oder f\u00fchren k\u00f6nnte; oder in irgendeiner Weise, die ungesetzlich, illegal, betr\u00fcgerisch oder sch\u00e4dlich ist, oder in Verbindung mit einem ungesetzlichen, illegalen, betr\u00fcgerischen oder sch\u00e4dlichen Zweck oder einer Aktivit\u00e4t.<\/p>\n<p>Sie d\u00fcrfen diese Website nicht zum Kopieren, Speichern, Hosten, \u00dcbertragen, Senden, Verwenden, Ver\u00f6ffentlichen oder Verteilen <br \/>von Material verwenden, das aus Spyware, Computerviren, Trojanern, W\u00fcrmern, Keyloggern, Rootkits oder anderem besteht (oder damit verkn\u00fcpft ist). b\u00f6sartige Computersoftware.<\/p>\n<p>Ohne die ausdr\u00fcckliche schriftliche Zustimmung von Ecash Software BV d\u00fcrfen Sie auf oder im Zusammenhang mit dieser Website keine systematischen oder automatisierten Datenerfassungsaktivit\u00e4ten (einschlie\u00dflich, aber nicht <br \/>beschr\u00e4nkt auf Scraping, Data Mining, Datenextraktion und Data Harvesting) durchf\u00fchren.<br \/><br \/><\/p>\n<p>[Sie d\u00fcrfen diese Website nicht f\u00fcr die \u00dcbermittlung oder den Versand unerw\u00fcnschter kommerzieller Mitteilungen nutzen.]<\/p>\n<p>[Ohne die ausdr\u00fcckliche schriftliche Zustimmung von Ecash Software BV d\u00fcrfen Sie diese Website nicht f\u00fcr Marketingzwecke nutzen <br \/>.]<\/p>\n<h3><strong>Eingeschr\u00e4nkter Zugang<\/strong><\/h3>\n<p>vor, den Zugriff auf [andere] Bereiche dieser Website oder sogar auf die gesamte Website nach Ermessen von Ecash Software BV einzuschr\u00e4nken .<br \/><br \/><\/p>\n<p>Wenn Ecash Software BV Ihnen eine Benutzer-ID und ein Passwort zur Verf\u00fcgung stellt, um Ihnen den Zugriff auf gesch\u00fctzte Bereiche dieser <br \/>Website oder andere Inhalte oder Dienste zu erm\u00f6glichen, m\u00fcssen Sie sicherstellen, dass die Benutzer-ID und das Passwort vertraulich behandelt werden.<\/p>\n<p>[Ecash Software BV kann Ihre Benutzer-ID und Ihr Passwort nach alleinigem Ermessen von Ecash Software BV ohne Vorank\u00fcndigung oder <br \/>Erkl\u00e4rung deaktivieren.]<\/p>\n<h3><strong>Benutzerinhalte<\/strong><\/h3>\n<p>In diesen Allgemeinen Gesch\u00e4ftsbedingungen bezeichnet \u201eIhre Benutzerinhalte\u201c Material (einschlie\u00dflich, aber nicht beschr\u00e4nkt auf <br \/>Texte, Bilder, Audiomaterial, Videomaterial und audiovisuelles Material), das Sie zu welchem Zweck auch immer an diese Website \u00fcbermitteln.<\/p>\n<p>Sie gew\u00e4hren Ecash Software BV eine weltweite, unwiderrufliche, nicht ausschlie\u00dfliche, geb\u00fchrenfreie Lizenz zur Nutzung, <br \/>Reproduktion, Anpassung, Ver\u00f6ffentlichung, \u00dcbersetzung und Verbreitung Ihrer Benutzerinhalte in allen bestehenden oder zuk\u00fcnftigen Medien. Sie gew\u00e4hren Ecash Software BV au\u00dferdem das Recht zur Unterlizenzierung dieser Rechte und das Recht, eine Klage wegen Verletzung dieser Rechte einzureichen.<\/p>\n<p>drohenden oder tats\u00e4chlichen Gerichtsverfahrens oder einer \u00e4hnlichen Beschwerde sind oder waren .<br \/><br \/><\/p>\n<p>den Servern von Ecash Software BV gespeichertes oder auf dieser Website gehostetes oder ver\u00f6ffentlichtes Material zu bearbeiten oder zu entfernen .<br \/><br \/><\/p>\n<p>[Ungeachtet der Rechte von Ecash Software BV gem\u00e4\u00df diesen Allgemeinen Gesch\u00e4ftsbedingungen in Bezug auf Benutzerinhalte <br \/>verpflichtet sich Ecash Software BV nicht, die \u00dcbermittlung solcher Inhalte an oder die Ver\u00f6ffentlichung <br \/>solcher Inhalte auf dieser Website zu \u00fcberwachen.]<\/p>\n<h3><strong>Keine Garantien<\/strong><\/h3>\n<p>Diese Website wird \u201ewie besehen\u201c ohne jegliche ausdr\u00fcckliche oder stillschweigende Zusicherungen oder Gew\u00e4hrleistungen bereitgestellt. <br \/>Ecash Software BV gibt keine Zusicherungen oder Gew\u00e4hrleistungen in Bezug auf diese Website oder die auf dieser Website bereitgestellten Informationen und Materialien.<\/p>\n<p>Unbeschadet der Allgemeing\u00fcltigkeit des vorstehenden Absatzes \u00fcbernimmt Ecash Software BV keine Gew\u00e4hr daf\u00fcr, dass:<\/p>\n<ul>\n<li>diese Website st\u00e4ndig oder \u00fcberhaupt verf\u00fcgbar sein wird; oder<\/li>\n<li>Die Informationen auf dieser Website sind vollst\u00e4ndig, wahr, richtig und nicht irref\u00fchrend.<\/li>\n<\/ul>\n<p>Nichts auf dieser Website stellt eine Beratung jeglicher Art dar oder soll eine solche darstellen. [Wenn Sie <br \/>Rat in Bezug auf eine [rechtliche, finanzielle oder medizinische] Angelegenheit ben\u00f6tigen, sollten Sie einen geeigneten Fachmann konsultieren.]<\/p>\n<h3><strong>Haftungsbeschr\u00e4nkungen<\/strong><\/h3>\n<p>Ecash Software BV haftet Ihnen gegen\u00fcber nicht (sei es nach dem Vertragsrecht, dem Deliktsrecht oder <br \/>anderweitig) in Bezug auf den Inhalt, die Nutzung oder anderweitig im Zusammenhang mit dieser Website:<\/p>\n<ul>\n<li>[soweit die Website kostenlos zur Verf\u00fcgung gestellt wird, f\u00fcr jeglichen unmittelbaren Schaden;]<\/li>\n<li>f\u00fcr alle indirekten, besonderen oder Folgesch\u00e4den; oder<\/li>\n<li>f\u00fcr Gesch\u00e4ftsverluste, Umsatz-, Einkommens-, Gewinn- oder erwartete Einsparungen, Verlust von <br \/>Vertr\u00e4gen oder Gesch\u00e4ftsbeziehungen, Ruf- oder Firmenwertverlust oder Verlust oder Besch\u00e4digung von Informationen oder Daten.<\/li>\n<\/ul>\n<p>Diese Haftungsbeschr\u00e4nkungen gelten auch dann, wenn Ecash Software BV ausdr\u00fccklich auf den m\u00f6glichen <br \/>Schaden hingewiesen wurde.<\/p>\n<h3><strong>Ausnahmen<\/strong><\/h3>\n<p>Nichts in diesem Website-Haftungsausschluss schlie\u00dft eine gesetzlich implizierte Garantie aus oder schr\u00e4nkt sie ein, deren Ausschluss oder Einschr\u00e4nkung rechtswidrig w\u00e4re; und nichts in diesem Website-Haftungsausschluss schlie\u00dft die Haftung von Ecash Software BV in Bezug auf Folgendes aus oder beschr\u00e4nkt sie:<\/p>\n<ul>\n<li>Tod oder K\u00f6rperverletzung, die durch Fahrl\u00e4ssigkeit von Ecash Software BV verursacht wurden;<\/li>\n<li>Betrug oder betr\u00fcgerische Falschdarstellung seitens Ecash Software BV; oder<\/li>\n<li>unabh\u00e4ngig davon, ob es f\u00fcr Ecash Software BV rechtswidrig oder rechtswidrig w\u00e4re, ihre Haftung auszuschlie\u00dfen oder einzuschr\u00e4nken oder zu versuchen oder vorzugeben, diese auszuschlie\u00dfen oder einzuschr\u00e4nken.<\/li>\n<\/ul>\n<h3><strong>Angemessenheit<\/strong><\/h3>\n<p>Nichts in diesem Website-Haftungsausschluss schlie\u00dft jegliche gesetzliche Gew\u00e4hrleistung aus oder schr\u00e4nkt sie ein, deren Ausschluss oder Einschr\u00e4nkung rechtswidrig w\u00e4re; und nichts in diesem Website-Haftungsausschluss schlie\u00dft die Haftung von Ecash Software BV in Bezug auf Folgendes aus oder beschr\u00e4nkt sie: Durch die Nutzung dieser Website erkl\u00e4ren Sie sich damit einverstanden, dass die in diesem Website-Haftungsausschluss dargelegten Haftungsausschl\u00fcsse und -beschr\u00e4nkungen angemessen sind.<\/p>\n<p>Wenn Sie der Meinung sind, dass diese nicht angemessen sind, d\u00fcrfen Sie diese Website nicht nutzen.<\/p>\n<h3><strong>Andere Parties<\/strong><\/h3>\n<p>[Sie akzeptieren, dass Ecash Software BV als Unternehmen mit beschr\u00e4nkter Haftung ein Interesse daran hat, die pers\u00f6nliche Haftung seiner leitenden Angestellten und Mitarbeiter zu begrenzen. Sie erkl\u00e4ren sich damit einverstanden, dass Sie keine pers\u00f6nlichen Anspr\u00fcche gegen die leitenden Angestellten oder Mitarbeiter von Ecash Software BV in Bezug auf Verluste geltend machen, die Ihnen im Zusammenhang mit der Website entstehen.]<\/p>\n<p>[Unbeschadet des vorstehenden Absatzes] erkl\u00e4ren Sie sich damit einverstanden, dass die in diesem Website-Haftungsausschluss dargelegten Gew\u00e4hrleistungs- und Haftungsbeschr\u00e4nkungen die leitenden Angestellten, Mitarbeiter, Vertreter, Tochtergesellschaften, Nachfolger, Beauftragten und Subunternehmer von Ecash Software BV sowie Ecash Software sch\u00fctzen BV<\/p>\n<h3><strong>Nicht durchsetzbare Bestimmungen<\/strong><\/h3>\n<p>Sollte eine Bestimmung dieses Website-Haftungsausschlusses nach geltendem Recht nicht durchsetzbar sein oder sich als nicht durchsetzbar erweisen, hat dies keinen Einfluss auf die Durchsetzbarkeit der anderen Bestimmungen dieses Website-Haftungsausschlusses.<\/p>\n<h3><strong>Entsch\u00e4digung<\/strong><\/h3>\n<p>Hiermit entsch\u00e4digen Sie Ecash Software BV und verpflichten sich, Ecash Software BV von allen Verlusten, Sch\u00e4den, Kosten, Verbindlichkeiten und Ausgaben (einschlie\u00dflich, aber nicht beschr\u00e4nkt auf Rechtskosten und allen Betr\u00e4gen, die Ecash Software BV an einen Dritten zur Beilegung eines Anspruchs oder einer Streitigkeit gezahlt hat, schadlos zu halten). (auf Anraten der Rechtsberater von Ecash Software BV ), die Ecash Software BV durch einen Versto\u00df Ihrerseits gegen eine Bestimmung dieser Gesch\u00e4ftsbedingungen entstehen oder erleiden, oder sich aus einer Behauptung ergeben, dass Sie gegen eine Bestimmung dieser Gesch\u00e4ftsbedingungen versto\u00dfen haben und Bedingungen].<\/p>\n<h3><strong>Verst\u00f6\u00dfe gegen diese Allgemeinen Gesch\u00e4ftsbedingungen<\/strong><\/h3>\n<p>Unbeschadet der anderen Rechte von Ecash Software BV gem\u00e4\u00df diesen Gesch\u00e4ftsbedingungen kann Ecash Software BV bei einem Versto\u00df gegen diese Gesch\u00e4ftsbedingungen in irgendeiner Weise die Ma\u00dfnahmen ergreifen, die Ecash Software BV zur Behebung des Versto\u00dfes f\u00fcr angemessen h\u00e4lt, einschlie\u00dflich der Sperrung Ihres Zugriffs auf die Website zu blockieren, Ihnen den Zugriff auf die Website zu verbieten, den Zugriff von Computern, die Ihre IP-Adresse verwenden, auf die Website zu sperren, Ihren Internetdienstanbieter zu kontaktieren und die Sperrung Ihres Zugriffs auf die Website zu beantragen und\/oder ein Gerichtsverfahren gegen Sie einzuleiten.<\/p>\n<h3><strong>Variation<\/strong><\/h3>\n<p>Ecash Software BV kann diese Allgemeinen Gesch\u00e4ftsbedingungen von Zeit zu Zeit \u00fcberarbeiten. Die ge\u00e4nderten Gesch\u00e4ftsbedingungen gelten f\u00fcr die Nutzung dieser Website ab dem Datum der Ver\u00f6ffentlichung der \u00fcberarbeiteten Gesch\u00e4ftsbedingungen auf dieser Website. Bitte \u00fcberpr\u00fcfen Sie diese Seite regelm\u00e4\u00dfig, um sicherzustellen, dass Sie mit der aktuellen Version vertraut sind.<\/p>\n<h3><strong>Abtretung<\/strong><\/h3>\n<p>Ecash Software BV kann die Rechte und\/oder Pflichten von Ecash Software BV aus diesen Allgemeinen Gesch\u00e4ftsbedingungen \u00fcbertragen, als Unterauftragnehmer vergeben oder anderweitig mit ihnen umgehen, ohne Sie zu benachrichtigen oder Ihre Zustimmung einzuholen.<\/p>\n<p>Es ist Ihnen nicht gestattet, Ihre Rechte und\/oder Pflichten aus diesen Gesch\u00e4ftsbedingungen zu \u00fcbertragen, an Dritte weiterzugeben oder anderweitig damit umzugehen.<\/p>\n<h3><strong>Salvatorische Klausel<\/strong><\/h3>\n<p>Sollte eine Bestimmung dieser Allgemeinen Gesch\u00e4ftsbedingungen von einem Gericht oder einer anderen zust\u00e4ndigen Beh\u00f6rde als rechtswidrig und\/oder nicht durchsetzbar befunden werden, bleiben die anderen Bestimmungen weiterhin in Kraft. Wenn eine rechtswidrige und\/oder nicht durchsetzbare Bestimmung rechtm\u00e4\u00dfig oder durchsetzbar w\u00e4re, wenn ein Teil davon gestrichen w\u00fcrde, gilt dieser Teil als gel\u00f6scht und der Rest der Bestimmung bleibt weiterhin in Kraft.<\/p>\n<h3><strong>Ganze Vereinbarung<\/strong><\/h3>\n<p>Diese Allgemeinen Gesch\u00e4ftsbedingungen [zusammen mit [DOKUMENTEN]] stellen die gesamte Vereinbarung zwischen Ihnen und Ecash Software BV in Bezug auf Ihre Nutzung dieser Website dar und ersetzen alle vorherigen Vereinbarungen in Bezug auf Ihre Nutzung dieser Website.<\/p>\n<h3><strong>Recht und Gerichtsbarkeit<\/strong><\/h3>\n<p>Diese Allgemeinen Gesch\u00e4ftsbedingungen unterliegen [GELTENDES RECHT] und werden in \u00dcbereinstimmung mit diesem ausgelegt. Alle Streitigkeiten im Zusammenhang mit diesen Allgemeinen Gesch\u00e4ftsbedingungen unterliegen der [nicht] ausschlie\u00dflichen Zust\u00e4ndigkeit der Gerichte von [GERICHTSSTAND].<\/p>\n<h3><strong>Registrierungen und Berechtigungen<\/strong><\/h3>\n<p>[Ecash Software BV ist eine Tochtergesellschaft von Ecash Software BV und ist im [HANDELSREGISTER] registriert. Die Online-Version des Registers finden Sie unter [URL]. Die Registrierungsnummer von Ecash Software BV lautet 7272332.]<\/p>\n<p>[Ecash Software BV unterliegt dem [AUTHORISATION SCHEME], das von einem globalen ISP \u00fcberwacht wird.]<\/p>\n<p>[Ecash Software BV ist bei der zentralen Registrierungsstelle Nordmazedoniens registriert. Der Berufstitel von Ecash Software BV lautet [TITEL] und wurde in Nordmazedonien verliehen. F\u00fcr Ecash Software BV gelten die [REGELN], die Sie hier <a href=\"https:\/\/www.pravdiko.mk\/wpcontent\/uploads\/2013\/11\/Zakon-za-elektronskite-komunikatsii-25-02-20142.pdf\">finden <\/a>.<\/p>\n<p>[Ecash Software BV befolgt die folgenden Verhaltenskodizes: [VERHALTENSKODEX]. [Diese Codes\/dieser Code] k\u00f6nnen <a href=\"https:\/\/www.pravdiko.mk\/wp-content\/uploads\/2013\/11\/Zakon-za-elektronskite-komunikatsii-25-02-20142.pdf\">hier <\/a>elektronisch eingesehen werden .<\/p>\n<p>[Die Steuernummer von Ecash Software BV lautet MK4080018572824.]<\/p>\n<h3><strong>Informationen zu Ecash Software BV<\/strong><\/h3>\n<p>Der vollst\u00e4ndige Name von Ecash Software BV lautet Ecash Software BV<\/p>\n<p>[Ecash Software BV ist in Skopje, Nordmazedonien, unter der Registrierungsnummer 7272332 registriert.]<\/p>\n<p>Die [registrierte] Adresse von Ecash Software BV lautet Orce Nikolov 137\/1-7<\/p>\n<p>Sie k\u00f6nnen Ecash Software BV per E-Mail an <a href=\"mailto:accounting@ecashcloud.com\">Accounting@ecashcloud.com kontaktieren<\/a><\/p>\n<p>Die Website von Ecash Software BV ist <a href=\"https:\/\/ecashcloud.com\/\">https:\/\/ecashcloud.com.io\/<\/a><\/p>\n<p>\u00a0<\/p>\n<\/div>\n<\/div>\n<\/div>\n<\/div>\n<\/section>\n<section id=\"terms-conditions\" class=\"terms-conditions-content__container\">\n<div class=\"container\">\n<div class=\"terms-conditions-content__paragraph mt-70 mb-100\">\u00a0<\/div>\n<\/div>\n<\/section>\n<!-- \/wp:html -->\t\t\t\t\t\t<\/div>\n\t\t\t\t<\/div>\n\t\t\t\t\t<\/div>\n\t\t\t\t<\/div>\n\t\t\t\t\t\t\t<\/div>\n\t\t","protected":false},"excerpt":{"rendered":"<p>Gesch\u00e4ftsbedingungen Diese Allgemeinen Gesch\u00e4ftsbedingungen regeln Ihre Nutzung dieser Website; Durch die Nutzung dieser Website akzeptieren Sie diese Allgemeinen Gesch\u00e4ftsbedingungen vollst\u00e4ndig. Wenn Sie mit diesen Allgemeinen Gesch\u00e4ftsbedingungen oder einem Teil dieser Allgemeinen Gesch\u00e4ftsbedingungen nicht einverstanden sind, d\u00fcrfen Sie diese Website nicht nutzen. Diese Website verwendet Cookies. Durch die Nutzung dieser Website und die Zustimmung zu diesen [&hellip;]<\/p>\n","protected":false},"author":1,"featured_media":0,"parent":0,"menu_order":0,"comment_status":"closed","ping_status":"closed","template":"","meta":{"footnotes":""},"yoast_head":"<!-- This site is optimized with the Yoast SEO plugin v21.6 - https:\/\/yoast.com\/wordpress\/plugins\/seo\/ -->\n<title>Terms and Conditions - Ecash Deutschland<\/title>\n<meta name=\"robots\" content=\"index, follow, max-snippet:-1, max-image-preview:large, max-video-preview:-1\" \/>\n<link rel=\"canonical\" href=\"https:\/\/ecashcloud.com\/de\/terms-conditions\/\" \/>\n<meta property=\"og:locale\" content=\"en_US\" \/>\n<meta property=\"og:type\" content=\"article\" \/>\n<meta property=\"og:title\" content=\"Terms and Conditions - Ecash Deutschland\" \/>\n<meta property=\"og:description\" content=\"Gesch\u00e4ftsbedingungen Diese Allgemeinen Gesch\u00e4ftsbedingungen regeln Ihre Nutzung dieser Website; Durch die Nutzung dieser Website akzeptieren Sie diese Allgemeinen Gesch\u00e4ftsbedingungen vollst\u00e4ndig. Wenn Sie mit diesen Allgemeinen Gesch\u00e4ftsbedingungen oder einem Teil dieser Allgemeinen Gesch\u00e4ftsbedingungen nicht einverstanden sind, d\u00fcrfen Sie diese Website nicht nutzen. Diese Website verwendet Cookies. Durch die Nutzung dieser Website und die Zustimmung zu diesen [&hellip;]\" \/>\n<meta property=\"og:url\" content=\"https:\/\/ecashcloud.com\/de\/terms-conditions\/\" \/>\n<meta property=\"og:site_name\" content=\"Ecash Deutschland\" \/>\n<meta property=\"article:modified_time\" content=\"2023-11-03T13:42:07+00:00\" \/>\n<meta name=\"twitter:card\" content=\"summary_large_image\" \/>\n<meta name=\"twitter:label1\" content=\"Est. reading time\" \/>\n\t<meta name=\"twitter:data1\" content=\"9 minutes\" \/>\n<script type=\"application\/ld+json\" class=\"yoast-schema-graph\">{\"@context\":\"https:\/\/schema.org\",\"@graph\":[{\"@type\":\"WebPage\",\"@id\":\"https:\/\/ecashcloud.com\/de\/terms-conditions\/\",\"url\":\"https:\/\/ecashcloud.com\/de\/terms-conditions\/\",\"name\":\"Terms and Conditions - Ecash Deutschland\",\"isPartOf\":{\"@id\":\"https:\/\/ecashcloud.com\/de\/#website\"},\"datePublished\":\"2023-07-14T10:14:17+00:00\",\"dateModified\":\"2023-11-03T13:42:07+00:00\",\"breadcrumb\":{\"@id\":\"https:\/\/ecashcloud.com\/de\/terms-conditions\/#breadcrumb\"},\"inLanguage\":\"en-US\",\"potentialAction\":[{\"@type\":\"ReadAction\",\"target\":[\"https:\/\/ecashcloud.com\/de\/terms-conditions\/\"]}]},{\"@type\":\"BreadcrumbList\",\"@id\":\"https:\/\/ecashcloud.com\/de\/terms-conditions\/#breadcrumb\",\"itemListElement\":[{\"@type\":\"ListItem\",\"position\":1,\"name\":\"Home\",\"item\":\"https:\/\/ecashcloud.com\/de\/\"},{\"@type\":\"ListItem\",\"position\":2,\"name\":\"Terms and Conditions\"}]},{\"@type\":\"WebSite\",\"@id\":\"https:\/\/ecashcloud.com\/de\/#website\",\"url\":\"https:\/\/ecashcloud.com\/de\/\",\"name\":\"Ecash Deutschland\",\"description\":\"\",\"publisher\":{\"@id\":\"https:\/\/ecashcloud.com\/de\/#organization\"},\"potentialAction\":[{\"@type\":\"SearchAction\",\"target\":{\"@type\":\"EntryPoint\",\"urlTemplate\":\"https:\/\/ecashcloud.com\/de\/?s={search_term_string}\"},\"query-input\":\"required name=search_term_string\"}],\"inLanguage\":\"en-US\"},{\"@type\":\"Organization\",\"@id\":\"https:\/\/ecashcloud.com\/de\/#organization\",\"name\":\"Ecash Deutschland\",\"url\":\"https:\/\/ecashcloud.com\/de\/\",\"logo\":{\"@type\":\"ImageObject\",\"inLanguage\":\"en-US\",\"@id\":\"https:\/\/ecashcloud.com\/de\/#\/schema\/logo\/image\/\",\"url\":\"https:\/\/ecashcloud.com\/de\/wp-content\/uploads\/sites\/3\/2023\/09\/Logo-1.svg\",\"contentUrl\":\"https:\/\/ecashcloud.com\/de\/wp-content\/uploads\/sites\/3\/2023\/09\/Logo-1.svg\",\"width\":1212,\"height\":368,\"caption\":\"Ecash Deutschland\"},\"image\":{\"@id\":\"https:\/\/ecashcloud.com\/de\/#\/schema\/logo\/image\/\"}}]}<\/script>\n<!-- \/ Yoast SEO plugin. -->","yoast_head_json":{"title":"Terms and Conditions - Ecash Deutschland","robots":{"index":"index","follow":"follow","max-snippet":"max-snippet:-1","max-image-preview":"max-image-preview:large","max-video-preview":"max-video-preview:-1"},"canonical":"https:\/\/ecashcloud.com\/de\/terms-conditions\/","og_locale":"en_US","og_type":"article","og_title":"Terms and Conditions - Ecash Deutschland","og_description":"Gesch\u00e4ftsbedingungen Diese Allgemeinen Gesch\u00e4ftsbedingungen regeln Ihre Nutzung dieser Website; Durch die Nutzung dieser Website akzeptieren Sie diese Allgemeinen Gesch\u00e4ftsbedingungen vollst\u00e4ndig. Wenn Sie mit diesen Allgemeinen Gesch\u00e4ftsbedingungen oder einem Teil dieser Allgemeinen Gesch\u00e4ftsbedingungen nicht einverstanden sind, d\u00fcrfen Sie diese Website nicht nutzen. Diese Website verwendet Cookies. Durch die Nutzung dieser Website und die Zustimmung zu diesen [&hellip;]","og_url":"https:\/\/ecashcloud.com\/de\/terms-conditions\/","og_site_name":"Ecash Deutschland","article_modified_time":"2023-11-03T13:42:07+00:00","twitter_card":"summary_large_image","twitter_misc":{"Est. reading time":"9 minutes"},"schema":{"@context":"https:\/\/schema.org","@graph":[{"@type":"WebPage","@id":"https:\/\/ecashcloud.com\/de\/terms-conditions\/","url":"https:\/\/ecashcloud.com\/de\/terms-conditions\/","name":"Terms and Conditions - Ecash Deutschland","isPartOf":{"@id":"https:\/\/ecashcloud.com\/de\/#website"},"datePublished":"2023-07-14T10:14:17+00:00","dateModified":"2023-11-03T13:42:07+00:00","breadcrumb":{"@id":"https:\/\/ecashcloud.com\/de\/terms-conditions\/#breadcrumb"},"inLanguage":"en-US","potentialAction":[{"@type":"ReadAction","target":["https:\/\/ecashcloud.com\/de\/terms-conditions\/"]}]},{"@type":"BreadcrumbList","@id":"https:\/\/ecashcloud.com\/de\/terms-conditions\/#breadcrumb","itemListElement":[{"@type":"ListItem","position":1,"name":"Home","item":"https:\/\/ecashcloud.com\/de\/"},{"@type":"ListItem","position":2,"name":"Terms and Conditions"}]},{"@type":"WebSite","@id":"https:\/\/ecashcloud.com\/de\/#website","url":"https:\/\/ecashcloud.com\/de\/","name":"Ecash Deutschland","description":"","publisher":{"@id":"https:\/\/ecashcloud.com\/de\/#organization"},"potentialAction":[{"@type":"SearchAction","target":{"@type":"EntryPoint","urlTemplate":"https:\/\/ecashcloud.com\/de\/?s={search_term_string}"},"query-input":"required name=search_term_string"}],"inLanguage":"en-US"},{"@type":"Organization","@id":"https:\/\/ecashcloud.com\/de\/#organization","name":"Ecash Deutschland","url":"https:\/\/ecashcloud.com\/de\/","logo":{"@type":"ImageObject","inLanguage":"en-US","@id":"https:\/\/ecashcloud.com\/de\/#\/schema\/logo\/image\/","url":"https:\/\/ecashcloud.com\/de\/wp-content\/uploads\/sites\/3\/2023\/09\/Logo-1.svg","contentUrl":"https:\/\/ecashcloud.com\/de\/wp-content\/uploads\/sites\/3\/2023\/09\/Logo-1.svg","width":1212,"height":368,"caption":"Ecash Deutschland"},"image":{"@id":"https:\/\/ecashcloud.com\/de\/#\/schema\/logo\/image\/"}}]}},"jetpack_sharing_enabled":true,"rttpg_featured_image_url":null,"rttpg_author":{"display_name":"Ecash Software","author_link":"https:\/\/ecashcloud.com\/de\/author\/user\/"},"rttpg_comment":0,"rttpg_category":null,"rttpg_excerpt":"Gesch\u00e4ftsbedingungen Diese Allgemeinen Gesch\u00e4ftsbedingungen regeln Ihre Nutzung dieser Website; Durch die Nutzung dieser Website akzeptieren Sie diese Allgemeinen Gesch\u00e4ftsbedingungen vollst\u00e4ndig. Wenn Sie mit diesen Allgemeinen Gesch\u00e4ftsbedingungen oder einem Teil dieser Allgemeinen Gesch\u00e4ftsbedingungen nicht einverstanden sind, d\u00fcrfen Sie diese Website nicht nutzen. Diese Website verwendet Cookies. Durch die Nutzung dieser Website und die Zustimmung zu diesen&hellip;","_links":{"self":[{"href":"https:\/\/ecashcloud.com\/de\/wp-json\/wp\/v2\/pages\/42"}],"collection":[{"href":"https:\/\/ecashcloud.com\/de\/wp-json\/wp\/v2\/pages"}],"about":[{"href":"https:\/\/ecashcloud.com\/de\/wp-json\/wp\/v2\/types\/page"}],"author":[{"embeddable":true,"href":"https:\/\/ecashcloud.com\/de\/wp-json\/wp\/v2\/users\/1"}],"replies":[{"embeddable":true,"href":"https:\/\/ecashcloud.com\/de\/wp-json\/wp\/v2\/comments?post=42"}],"version-history":[{"count":3,"href":"https:\/\/ecashcloud.com\/de\/wp-json\/wp\/v2\/pages\/42\/revisions"}],"predecessor-version":[{"id":11149,"href":"https:\/\/ecashcloud.com\/de\/wp-json\/wp\/v2\/pages\/42\/revisions\/11149"}],"wp:attachment":[{"href":"https:\/\/ecashcloud.com\/de\/wp-json\/wp\/v2\/media?parent=42"}],"curies":[{"name":"wp","href":"https:\/\/api.w.org\/{rel}","templated":true}]}}